{"id":9503,"date":"2024-11-11T15:56:29","date_gmt":"2024-11-11T15:56:29","guid":{"rendered":"https:\/\/www.cooperatextil.com\/?page_id=9503"},"modified":"2024-12-30T09:06:14","modified_gmt":"2024-12-30T09:06:14","slug":"nova-app-cooperatextil","status":"publish","type":"page","link":"https:\/\/www.cooperatextil.com\/ca\/nova-app-cooperatextil","title":{"rendered":"Descobreix la nova App de Cooperatextil"},"content":{"rendered":"\n<div class=\"wp-block-cover\" style=\"min-height:332px\"><span aria-hidden=\"true\" class=\"wp-block-cover__background has-background-dim\"><\/span><img loading=\"lazy\" width=\"1920\" height=\"580\" class=\"wp-block-cover__image-background wp-image-9507\" alt=\"\" src=\"https:\/\/www.cooperatextil.com\/wp-content\/uploads\/2024\/11\/cooperatextil-app-24-slider-home-NOU.jpg\" data-object-fit=\"cover\" srcset=\"https:\/\/www.cooperatextil.com\/wp-content\/uploads\/2024\/11\/cooperatextil-app-24-slider-home-NOU.jpg 1920w, https:\/\/www.cooperatextil.com\/wp-content\/uploads\/2024\/11\/cooperatextil-app-24-slider-home-NOU-300x91.jpg 300w, https:\/\/www.cooperatextil.com\/wp-content\/uploads\/2024\/11\/cooperatextil-app-24-slider-home-NOU-1024x309.jpg 1024w, https:\/\/www.cooperatextil.com\/wp-content\/uploads\/2024\/11\/cooperatextil-app-24-slider-home-NOU-768x232.jpg 768w, https:\/\/www.cooperatextil.com\/wp-content\/uploads\/2024\/11\/cooperatextil-app-24-slider-home-NOU-1536x464.jpg 1536w\" sizes=\"(max-width: 1920px) 100vw, 1920px\" \/><div class=\"wp-block-cover__inner-container\">\n<p class=\"has-text-align-left has-large-font-size\"><strong> Una nova app per <\/strong><br><strong>fer cr\u00e9ixer el teu negoci<\/strong>&nbsp;<\/p>\n<\/div><\/div>\n\n\n\n<p style=\"font-size:16px\">Cooperat\u00e8xtil llan\u00e7a la seva nova aplicaci\u00f3 m\u00f2bil per fer encara m\u00e9s f\u00e0cil la connexi\u00f3 entre marques i prove\u00efdors. Amb aquesta app, tindr\u00e0s a l\u2019abast totes les oportunitats de negoci, en temps real i des de la butxaca.&nbsp;&nbsp;<\/p>\n\n\n\n<p style=\"font-size:16px\">A m\u00e9s a m\u00e9s, podr\u00e0s gestionar les teves necessitats amb m\u00e9s agilitat i efici\u00e8ncia gr\u00e0cies a les notificacions instant\u00e0nies que et mantindran sempre al dia del sector t\u00e8xtil.&nbsp;<\/p>\n\n\n\n<p class=\"has-medium-font-size\"><strong>Qu\u00e8 ofereix la nova app de Cooperat\u00e8xtil?<\/strong>&nbsp;<\/p>\n\n\n\n<div class=\"wp-container-3 wp-block-group\"><div class=\"wp-block-group__inner-container\">\n<div class=\"wp-container-2 wp-block-columns\">\n<div class=\"wp-container-1 wp-block-column\" style=\"flex-basis:100%\">\n<figure class=\"wp-block-image size-large\"><img loading=\"lazy\" width=\"1024\" height=\"576\" src=\"https:\/\/www.cooperatextil.com\/wp-content\/uploads\/2024\/11\/cooperatextil-app-24-videowall-1024x576.jpg\" alt=\"app cooperatextil\" class=\"wp-image-9504\" srcset=\"https:\/\/www.cooperatextil.com\/wp-content\/uploads\/2024\/11\/cooperatextil-app-24-videowall-1024x576.jpg 1024w, https:\/\/www.cooperatextil.com\/wp-content\/uploads\/2024\/11\/cooperatextil-app-24-videowall-300x169.jpg 300w, https:\/\/www.cooperatextil.com\/wp-content\/uploads\/2024\/11\/cooperatextil-app-24-videowall-768x432.jpg 768w, https:\/\/www.cooperatextil.com\/wp-content\/uploads\/2024\/11\/cooperatextil-app-24-videowall.jpg 1080w\" sizes=\"(max-width: 1024px) 100vw, 1024px\" \/><\/figure>\n<\/div>\n<\/div>\n<\/div><\/div>\n\n\n\n<div class=\"wp-container-6 wp-block-columns\">\n<div class=\"wp-container-4 wp-block-column\">\n<p><strong>Per als prove\u00efdors:<\/strong><\/p>\n\n\n\n<p style=\"font-size:16px\">Cada vegada que es publiqui una nova comanda relacionada amb els teus serveis, rebr\u00e0s una notificaci\u00f3 a l\u2019instant. Aix\u00ed, podr\u00e0s actuar r\u00e0pidament i presentar la teva oferta sense perdre cap oportunitat.<\/p>\n<\/div>\n\n\n\n<div class=\"wp-container-5 wp-block-column\">\n<p><strong>Per a marques i emprenedors:<\/strong><\/p>\n\n\n\n<p style=\"font-size:16px\">Rep avisos cada cop que un prove\u00efdor es mostri interessat en la teva comanda. Aix\u00f2 et permetr\u00e0 gestionar f\u00e0cilment les propostes i triar els prove\u00efdors que millor encaixin amb les teves necessitats.<\/p>\n<\/div>\n<\/div>\n\n\n\n<hr class=\"wp-block-separator has-alpha-channel-opacity is-style-dots\"\/>\n\n\n\n<p class=\"has-medium-font-size\"><strong>Per qu\u00e8 descarregar l\u2019app de Cooperat\u00e8xtil?<\/strong>&nbsp;<\/p>\n\n\n\n<ul style=\"font-size:16px\"><li><strong>Connecta\u2019t amb el sector en temps real:<\/strong> Les notificacions instant\u00e0nies et permeten estar al dia de cada comanda i de cada oferta de col\u00b7laboraci\u00f3.&nbsp;<\/li><\/ul>\n\n\n\n<ul style=\"font-size:16px\"><li><strong>Agilitat i efici\u00e8ncia:<\/strong> Gestiona les oportunitats de negoci des de qualsevol lloc i en qualsevol moment.&nbsp;<\/li><\/ul>\n\n\n\n<ul style=\"font-size:16px\"><li><strong>Acc\u00e9s simplificat a col\u00b7laboradors:<\/strong> Tant si ets una marca com un prove\u00efdor, podr\u00e0s connectar f\u00e0cilment amb una xarxa \u00e0mplia de professionals del sector t\u00e8xtil.&nbsp;<\/li><\/ul>\n\n\n\n<div class=\"wp-container-9 wp-block-columns\">\n<div class=\"wp-container-7 wp-block-column\">\n<figure class=\"wp-block-image size-full\"><a href=\"https:\/\/tecnocampus.benchurl.com\/c\/l?u=11B587DD&amp;e=18EC753&amp;c=B65DE&amp;t=0&amp;l=CAF36621&amp;email=lhgXwWwDsvwGO5jd5xg0dalHOF%2F74MnKHfHMVmqo50Y%3D&amp;seq=1\" target=\"_blank\" rel=\"noreferrer noopener\"><img loading=\"lazy\" width=\"400\" height=\"118\" src=\"https:\/\/www.cooperatextil.com\/wp-content\/uploads\/2024\/11\/download.png\" alt=\"\" class=\"wp-image-9514\" srcset=\"https:\/\/www.cooperatextil.com\/wp-content\/uploads\/2024\/11\/download.png 400w, https:\/\/www.cooperatextil.com\/wp-content\/uploads\/2024\/11\/download-300x89.png 300w\" sizes=\"(max-width: 400px) 100vw, 400px\" \/><\/a><\/figure>\n<\/div>\n\n\n\n<div class=\"wp-container-8 wp-block-column\">\n<figure class=\"wp-block-image size-full\"><a href=\"https:\/\/tecnocampus.benchurl.com\/c\/l?u=11B587DC&amp;e=18EC753&amp;c=B65DE&amp;t=0&amp;l=CAF36621&amp;email=lhgXwWwDsvwGO5jd5xg0dalHOF%2F74MnKHfHMVmqo50Y%3D&amp;seq=1\" target=\"_blank\" rel=\"noreferrer noopener\"><img loading=\"lazy\" width=\"412\" height=\"122\" src=\"https:\/\/www.cooperatextil.com\/wp-content\/uploads\/2024\/11\/download-1.png\" alt=\"\" class=\"wp-image-9517\" srcset=\"https:\/\/www.cooperatextil.com\/wp-content\/uploads\/2024\/11\/download-1.png 412w, https:\/\/www.cooperatextil.com\/wp-content\/uploads\/2024\/11\/download-1-300x89.png 300w\" sizes=\"(max-width: 412px) 100vw, 412px\" \/><\/a><\/figure>\n<\/div>\n<\/div>\n","protected":false},"excerpt":{"rendered":"<p>Cooperat\u00e8xtil llan\u00e7a la seva nova aplicaci\u00f3 m\u00f2bil per fer encara m\u00e9s f\u00e0cil la connexi\u00f3 entre marques i prove\u00efdors. Amb aquesta app, tindr\u00e0s a l\u2019abast totes les oportunitats de negoci, en temps real i des de la butxaca.&nbsp;&nbsp; A m\u00e9s a m\u00e9s, podr\u00e0s gestionar les teves necessitats amb m\u00e9s agilitat i efici\u00e8ncia gr\u00e0cies a les notificacions [&hellip;]<\/p>\n","protected":false},"author":10,"featured_media":0,"parent":0,"menu_order":0,"comment_status":"closed","ping_status":"closed","template":"page-templates\/single-page.php","meta":{"inline_featured_image":false},"acf":[],"_links":{"self":[{"href":"https:\/\/www.cooperatextil.com\/ca\/wp-json\/wp\/v2\/pages\/9503"}],"collection":[{"href":"https:\/\/www.cooperatextil.com\/ca\/wp-json\/wp\/v2\/pages"}],"about":[{"href":"https:\/\/www.cooperatextil.com\/ca\/wp-json\/wp\/v2\/types\/page"}],"author":[{"embeddable":true,"href":"https:\/\/www.cooperatextil.com\/ca\/wp-json\/wp\/v2\/users\/10"}],"replies":[{"embeddable":true,"href":"https:\/\/www.cooperatextil.com\/ca\/wp-json\/wp\/v2\/comments?post=9503"}],"version-history":[{"count":10,"href":"https:\/\/www.cooperatextil.com\/ca\/wp-json\/wp\/v2\/pages\/9503\/revisions"}],"predecessor-version":[{"id":9586,"href":"https:\/\/www.cooperatextil.com\/ca\/wp-json\/wp\/v2\/pages\/9503\/revisions\/9586"}],"wp:attachment":[{"href":"https:\/\/www.cooperatextil.com\/ca\/wp-json\/wp\/v2\/media?parent=9503"}],"curies":[{"name":"wp","href":"https:\/\/api.w.org\/{rel}","templated":true}]}}